{"id":64,"date":"2021-05-04T11:58:48","date_gmt":"2021-05-04T09:58:48","guid":{"rendered":"http:\/\/www.pper-bf.com\/?page_id=64"},"modified":"2021-06-15T18:50:58","modified_gmt":"2021-06-15T16:50:58","slug":"qui-sommes-nous","status":"publish","type":"page","link":"https:\/\/pper-bf.com\/?page_id=64","title":{"rendered":"Qui sommes-nous?"},"content":{"rendered":"<section id=\"section-2-64\" class=\" ct-section\" style=\"background-image:url(http:\/\/www.pper-bf.com\/wp-content\/uploads\/2021\/05\/Qui_sommes_nous-scaled.jpg);background-size: cover;\" ><div class=\"ct-section-inner-wrap\"><h1 id=\"headline-3-64\" class=\"ct-headline\">QUI SOMMES-NOUS?<\/h1><\/div><\/section><section id=\"section-7-64\" class=\" ct-section\" ><div class=\"ct-section-inner-wrap\"><div id=\"new_columns-24-64\" class=\"ct-new-columns atomic-content-26-columns\" ><div id=\"div_block-27-64\" class=\"ct-div-block\" ><h4 id=\"headline-34-64\" class=\"ct-headline atomic-content-26-title\">PRESENTATION<\/h4><div id=\"text_block-29-64\" class=\"ct-text-block atomic-content-26-text\" >Projet Production Energies Renouvelables (PPER) est une entreprise d\u2019\u00e9tude et d\u2019ex\u00e9cution de droit burkinab\u00e8 qui a son si\u00e8ge social \u00e0 Ouagadougou sise au quartier Pissy (secteur 28),  T\u00e9l : (+226) 25 65 27 08 \/ 69 10 86 65 \/&nbsp; 65 66 21 86.<br>Depuis sa cr\u00e9ation, en 2018, PPER est dirig\u00e9 par Monsieur KPENI Afaye. L\u2019entreprise est sous la forme juridique de la personne morale. Ainsi, comme toute soci\u00e9t\u00e9 \u00e0 responsabilit\u00e9 limit\u00e9, elle est r\u00e9guli\u00e8rement  inscrite au registre du commerce et de cr\u00e9dit mobilier du Burkina Faso sous le N\u00b0 RCCM BFOUA2020A7901, N\u00b0 IFU 00142541G.<br><br>PPER est une entreprise sp\u00e9cialis\u00e9e dans les domaines \u00e9nerg\u00e9tiques et des ouvrages hydrauliques. Elle a pour ambition la satisfaction de la client\u00e8le en proposant des solutions adapt\u00e9es \u00e0 ses besoins.<br><br>A PPER, nous prenons le temps d'\u00e9tudier votre projet afin de r\u00e9pondre exactement \u00e0 vos exigences, vous fournir des conseils sur mesure et vous garantir une finition de tr\u00e8s haute qualit\u00e9. Qu'il s'agisse d'un gros-\u0153uvre ou d'un travail clef sur porte, nous restons attentifs \u00e0 vos souhaits tout au long de la r\u00e9alisation des travaux.<br><br>L\u2019entreprise travail aussi bien pour les administrations publiques que pour les organisations non gouvernementales et les entreprises priv\u00e9es. Ses domaines de comp\u00e9tences couvrent l\u2019ensemble des phases d\u2019\u00e9tudes et de la r\u00e9alisation des projets. Elle s\u2019est fix\u00e9e comme objectif d\u2019assurer des prestations de qualit\u00e9 en mati\u00e8re d\u2019\u00e9tude et d\u2019ex\u00e9cution des projets de d\u00e9veloppement.<br><br>Pour chacune de ses interventions nous avons mis en place un dispositif qui nous permet d\u2019assurer l\u2019efficacit\u00e9 et le succ\u00e8s de nos prestations compos\u00e9 de : une \u00e9quipe pluridisciplinaire d\u2019expert ayant des comp\u00e9tences dans divers domaines. Ce sont des ing\u00e9nieurs, des techniciens et des sp\u00e9cialistes qui ont suffisamment fait leurs preuves sur le terrain : des sp\u00e9cialistes en ouvrages hydrauliques (p\u00e9rim\u00e8tres irrigu\u00e9s, AEPS, PEA), des \u00e9lectrom\u00e9caniques, \u00e9lectrotechniques, \u00e9lectricit\u00e9s d\u2019\u00e9quipements et des experts en \u00e9nergies solaires photovolta\u00efques.<br><\/div><h4 id=\"headline-28-64\" class=\"ct-headline atomic-content-26-title\">OBJECTIF<\/h4><div id=\"text_block-35-64\" class=\"ct-text-block atomic-content-26-text\" >Notre objectif est d\u2019encourager et d\u2019accro\u00eetre l\u2019autoconsommation de l\u2019\u00e9nergie solaire photovolta\u00efque.<br><\/div><h4 id=\"headline-42-64\" class=\"ct-headline atomic-content-26-title\">MISSION<\/h4><div id=\"text_block-41-64\" class=\"ct-text-block atomic-content-26-text\" >PPER se donne pour mission de r\u00e9aliser des prestations de qualit\u00e9 dans une recherche constante de la satisfaction du client.<br><\/div><h4 id=\"headline-46-64\" class=\"ct-headline atomic-content-26-title\">VALEUR<\/h4><div id=\"text_block-47-64\" class=\"ct-text-block atomic-content-26-text\" >Nos valeurs sont : le savoir-faire, l\u2019engagement, la disponibilit\u00e9, la responsabilit\u00e9, la confiance et la proximit\u00e9.<br><\/div><\/div><\/div><\/div><\/section>","protected":false},"excerpt":{"rendered":"","protected":false},"author":1,"featured_media":0,"parent":0,"menu_order":0,"comment_status":"closed","ping_status":"closed","template":"","meta":{"footnotes":""},"class_list":["post-64","page","type-page","status-publish","hentry"],"_hostinger_reach_plugin_has_subscription_block":false,"_hostinger_reach_plugin_is_elementor":false,"_links":{"self":[{"href":"https:\/\/pper-bf.com\/index.php?rest_route=\/wp\/v2\/pages\/64","targetHints":{"allow":["GET"]}}],"collection":[{"href":"https:\/\/pper-bf.com\/index.php?rest_route=\/wp\/v2\/pages"}],"about":[{"href":"https:\/\/pper-bf.com\/index.php?rest_route=\/wp\/v2\/types\/page"}],"author":[{"embeddable":true,"href":"https:\/\/pper-bf.com\/index.php?rest_route=\/wp\/v2\/users\/1"}],"replies":[{"embeddable":true,"href":"https:\/\/pper-bf.com\/index.php?rest_route=%2Fwp%2Fv2%2Fcomments&post=64"}],"version-history":[{"count":2,"href":"https:\/\/pper-bf.com\/index.php?rest_route=\/wp\/v2\/pages\/64\/revisions"}],"predecessor-version":[{"id":188,"href":"https:\/\/pper-bf.com\/index.php?rest_route=\/wp\/v2\/pages\/64\/revisions\/188"}],"wp:attachment":[{"href":"https:\/\/pper-bf.com\/index.php?rest_route=%2Fwp%2Fv2%2Fmedia&parent=64"}],"curies":[{"name":"wp","href":"https:\/\/api.w.org\/{rel}","templated":true}]}}