{"id":10,"date":"2021-04-28T09:31:12","date_gmt":"2021-04-28T07:31:12","guid":{"rendered":"http:\/\/www.pper-bf.com\/?page_id=10"},"modified":"2025-11-21T12:54:57","modified_gmt":"2025-11-21T11:54:57","slug":"pper","status":"publish","type":"page","link":"https:\/\/pper-bf.com\/","title":{"rendered":"PPER"},"content":{"rendered":"<section id=\"section-2-10\" class=\" ct-section\" ><div class=\"ct-section-inner-wrap\"><link rel='stylesheet' id='oxygen-unslider-css'  href='https:\/\/pper-bf.com\/wp-content\/plugins\/oxygen\/component-framework\/vendor\/unslider\/unslider.css' type='text\/css' media='all'\/><div id=\"slider-3-10\" class=\"ct-slider ct_unique_slider_1173\" ><div class=\"oxygen-unslider-container\"><ul><li><div id=\"slide-4-10\" class=\"ct-slide\" ><img decoding=\"async\"  id=\"image-31-10\" alt=\"\" src=\"http:\/\/www.pper-bf.com\/wp-content\/uploads\/2021\/04\/Logo_PPER_slogan_vert-1.png\" class=\"ct-image\"\/><div id=\"div_block-32-10\" class=\"ct-div-block oxel_horizontal_divider\" ><div id=\"code_block-33-10\" class=\"ct-code-block oxel_horizontal_divider__line\" ><!-- --><\/div><div id=\"fancy_icon-34-10\" class=\"ct-fancy-icon oxel_horizontal_divider__icon\" ><svg id=\"svg-fancy_icon-34-10\"><use xlink:href=\"#FontAwesomeicon-dot-circle-o\"><\/use><\/svg><\/div><div id=\"code_block-35-10\" class=\"ct-code-block oxel_horizontal_divider__line\" ><!-- --><\/div><\/div><h1 id=\"headline-38-10\" class=\"ct-headline\">BIENVENUE<\/h1><\/div><\/li><li><div id=\"slide-29-10\" class=\"ct-slide\" ><h1 id=\"headline-30-10\" class=\"ct-headline\">SYSTEME PHOTOVOLTAIQUE<\/h1><\/div><\/li><li><div id=\"slide-23-10\" class=\"ct-slide\" ><div id=\"new_columns-25-10\" class=\"ct-new-columns\" ><div id=\"div_block-26-10\" class=\"ct-div-block\" ><\/div><div id=\"div_block-27-10\" class=\"ct-div-block\" ><h1 id=\"headline-24-10\" class=\"ct-headline\">DE L'ENERGIE POUR TOUS !<\/h1><\/div><\/div><\/div><\/li><\/ul><\/div><\/div><script class=\"ct-slider-script\">jQuery(document).ready(function($){$('#slider-3-10.ct_unique_slider_1173 .oxygen-unslider-container:not(.unslider-horizontal,.unslider-fade)').unslider({autoplay: true, delay: 3000, animation: 'fade', speed : 750, arrows: false, nav: false, infinite: false})});<\/script><\/div><\/section><section id=\"section-39-10\" class=\" ct-section\" ><div class=\"ct-section-inner-wrap\"><h1 id=\"headline-40-10\" class=\"ct-headline atomic-secondary-heading\" data-aos=\"slide-right\">SECTEUR D'ACTIVITE<\/h1><div id=\"new_columns-42-10\" class=\"ct-new-columns\" ><div id=\"div_block-43-10\" class=\"ct-div-block\" ><div id=\"div_block-44-10\" class=\"ct-div-block atomic-iconblock-15-wrapper\" ><div id=\"fancy_icon-45-10\" class=\"ct-fancy-icon atomic-iconblock-15-icon\" ><svg id=\"svg-fancy_icon-45-10\"><use xlink:href=\"#Lineariconsicon-power-switch\"><\/use><\/svg><\/div><h4 id=\"headline-46-10\" class=\"ct-headline atomic-iconblock-15-title\">ENERGETIQUE<\/h4><div id=\"text_block-47-10\" class=\"ct-text-block atomic-iconblock-15-text\" >Energie solaire<br>\u25cf Centrale solaire de Secours<br>\u25cf Pompage solaire et \u00e9lectrique<br>\u25cf&nbsp;Electricit\u00e9 b\u00e2timent<br>\u25cf Electricit\u00e9 industrielle<br>\u25cf Electronique&nbsp;<br>\u25cf Froid et climatisation <br><\/div><\/div><\/div><div id=\"div_block-48-10\" class=\"ct-div-block\" ><div id=\"div_block-49-10\" class=\"ct-div-block atomic-iconblock-15-wrapper\" ><div id=\"fancy_icon-50-10\" class=\"ct-fancy-icon atomic-iconblock-15-icon\" ><svg id=\"svg-fancy_icon-50-10\"><use xlink:href=\"#Lineariconsicon-drop\"><\/use><\/svg><\/div><h4 id=\"headline-51-10\" class=\"ct-headline atomic-iconblock-15-title\">OUVRAGE HYDRAULIQUE<\/h4><div id=\"text_block-52-10\" class=\"ct-text-block atomic-iconblock-15-text\" >\u25cf Busage de puits<br>\u25cf Forages&nbsp;<br>\u25cf Equipement de forages en pompe solaire\/\u00e9lectrique<br>\u25cf Irrigation goutte \u00e0 goutte&nbsp;<br>\u25cf Irrigation par bassin de puisage<\/div><\/div><\/div><div id=\"div_block-53-10\" class=\"ct-div-block\" ><div id=\"div_block-54-10\" class=\"ct-div-block atomic-iconblock-15-wrapper\" ><div id=\"fancy_icon-55-10\" class=\"ct-fancy-icon atomic-iconblock-15-icon\" ><svg id=\"svg-fancy_icon-55-10\"><use xlink:href=\"#Lineariconsicon-sun\"><\/use><\/svg><\/div><h4 id=\"headline-56-10\" class=\"ct-headline atomic-iconblock-15-title\">DISTRIBUTION DE MATERIELS<\/h4><div id=\"text_block-57-10\" class=\"ct-text-block atomic-iconblock-15-text\" >\u25cf Equipements solaires<br>\u25cf Equipements \u00e9lectriques <br>\u25cf Pompes solaires et \u00e9lectriques  <br>\u25cf Accessoires hydrauliques <br>\u25cf Accessoires solaires\/\u00e9lectriques<br><br><\/div><\/div><\/div><\/div><a id=\"link_text-58-10\" class=\"ct-link-text atomic-primary-button\" href=\"http:\/\/www.pper-bf.com\/?page_id=16\" target=\"_self\"   data-aos=\"slide-left\">EN SAVOIR PLUS<\/a><\/div><\/section><section id=\"section-151-10\" class=\" ct-section\" style=\"background-image:linear-gradient(rgba(255,255,255,0.67), rgba(255,255,255,0.67)), url(http:\/\/www.pper-bf.com\/wp-content\/uploads\/2021\/05\/ampoule_vegetale.jpg);background-size:auto,  cover;\" ><div class=\"ct-section-inner-wrap\"><h1 id=\"headline-133-10\" class=\"ct-headline atomic-secondary-heading\" data-aos=\"slide-down\">QUI SOMMES-NOUS?<\/h1><div id=\"new_columns-154-10\" class=\"ct-new-columns atomic-content-26-columns\" ><div id=\"div_block-155-10\" class=\"ct-div-block\"  data-aos=\"slide-right\"><img decoding=\"async\"  id=\"image-198-10\" alt=\"\" src=\"http:\/\/www.pper-bf.com\/wp-content\/uploads\/2021\/05\/Qui_sommes_nous.jpg-1.png\" class=\"ct-image\"\/><\/div><div id=\"div_block-157-10\" class=\"ct-div-block \"  data-aos=\"slide-left\"><h4 id=\"headline-158-10\" class=\"ct-headline atomic-content-26-title\">PRESENTATION<\/h4><div id=\"text_block-159-10\" class=\"ct-text-block atomic-content-26-text\" >Projet Production Energies Renouvelables (PPER) est une entreprise d\u2019\u00e9tude et d\u2019ex\u00e9cution de droit burkinab\u00e8 qui a son si\u00e8ge social \u00e0 Ouagadougou sise au quartier Pissy (secteur 28).<br><\/div><h4 id=\"headline-177-10\" class=\"ct-headline atomic-content-26-title\">OBJECTIF<\/h4><div id=\"text_block-179-10\" class=\"ct-text-block atomic-content-26-text\" >Notre objectif est d\u2019encourager et d\u2019accro\u00eetre l\u2019autoconsommation de l\u2019\u00e9nergie solaire photovolta\u00efque.<\/div><h4 id=\"headline-181-10\" class=\"ct-headline atomic-content-26-title\">MISSION<\/h4><div id=\"text_block-182-10\" class=\"ct-text-block atomic-content-26-text\" >PPER se donne pour mission de r\u00e9aliser des prestations de qualit\u00e9 dans une recherche constante de la satisfaction du client.<\/div><h4 id=\"headline-195-10\" class=\"ct-headline atomic-content-26-title\">VALEUR<\/h4><div id=\"text_block-193-10\" class=\"ct-text-block atomic-content-26-text\" >Nos valeurs sont : le savoir-faire, l\u2019engagement, la disponibilit\u00e9, la responsabilit\u00e9, la confiance et la proximit\u00e9.<\/div><a id=\"link_text-160-10\" class=\"ct-link-text atomic-outline-button\" href=\"http:\/\/www.pper-bf.com\/?page_id=64\" target=\"_self\"   data-aos=\"slide-up\">EN SAVOIR PLUS<\/a><\/div><\/div><\/div><\/section><section id=\"section-200-10\" class=\" ct-section\" ><div class=\"ct-section-inner-wrap\"><h1 id=\"headline-215-10\" class=\"ct-headline atomic-secondary-heading\" data-aos=\"slide-down\">NOS PARTENAIRES<\/h1><div id=\"new_columns-201-10\" class=\"ct-new-columns\" ><div id=\"div_block-202-10\" class=\"ct-div-block\" ><img decoding=\"async\"  id=\"image-203-10\" alt=\"\" src=\"http:\/\/www.pper-bf.com\/wp-content\/uploads\/2021\/05\/Felicity_Solar-2.png\" class=\"ct-image atomic-content-20-image\"\/><\/div><div id=\"div_block-204-10\" class=\"ct-div-block\" ><img decoding=\"async\"  id=\"image-205-10\" alt=\"\" src=\"http:\/\/www.pper-bf.com\/wp-content\/uploads\/2021\/05\/Energy_and_Services.png\" class=\"ct-image atomic-content-20-image\"\/><\/div><div id=\"div_block-206-10\" class=\"ct-div-block\" ><img decoding=\"async\"  id=\"image-207-10\" alt=\"\" src=\"http:\/\/www.pper-bf.com\/wp-content\/uploads\/2021\/05\/Nelson_Solar.png\" class=\"ct-image atomic-content-20-image\"\/><\/div><\/div><div id=\"new_columns-208-10\" class=\"ct-new-columns\" ><div id=\"div_block-209-10\" class=\"ct-div-block\" ><img decoding=\"async\"  id=\"image-210-10\" alt=\"\" src=\"http:\/\/www.pper-bf.com\/wp-content\/uploads\/2021\/05\/BatiPro-1.png\" class=\"ct-image atomic-content-20-image\"\/><\/div><div id=\"div_block-211-10\" class=\"ct-div-block\" ><img decoding=\"async\"  id=\"image-212-10\" alt=\"\" src=\"http:\/\/www.pper-bf.com\/wp-content\/uploads\/2021\/05\/SamKing.png\" class=\"ct-image atomic-content-20-image\"\/><\/div><div id=\"div_block-213-10\" class=\"ct-div-block\" ><img decoding=\"async\"  id=\"image-214-10\" alt=\"\" src=\"http:\/\/www.pper-bf.com\/wp-content\/uploads\/2021\/05\/Logo.png\" class=\"ct-image atomic-content-20-image\"\/><\/div><\/div><\/div><\/section><section id=\"section-84-10\" class=\" ct-section\" style=\"background-image:linear-gradient(rgba(0,0,0,0.46), rgba(0,0,0,0.46)), url(http:\/\/www.pper-bf.com\/wp-content\/uploads\/2021\/05\/Energy_Solaire.jpg);background-size:auto,  cover;\" ><div class=\"ct-section-inner-wrap\"><h1 id=\"headline-85-10\" class=\"ct-headline atomic-primary-heading\">Aimeriez-vous investir dans le Photovolta\u00efque ?<\/h1><div id=\"text_block-105-10\" class=\"ct-text-block\" >Nous sommes l\u00e0 pour vous accompagner et nous avons tout ce dont avez besoin.<\/div><a id=\"link_text-102-10\" class=\"ct-link-text atomic-primary-button\" href=\"http:\/\/www.pper-bf.com\/?page_id=46\" target=\"_self\"  >Appelez-nous au +226 25 65 27 08<\/a><\/div><\/section>","protected":false},"excerpt":{"rendered":"","protected":false},"author":1,"featured_media":0,"parent":0,"menu_order":0,"comment_status":"closed","ping_status":"closed","template":"","meta":{"footnotes":""},"class_list":["post-10","page","type-page","status-publish","hentry"],"_hostinger_reach_plugin_has_subscription_block":false,"_hostinger_reach_plugin_is_elementor":false,"_links":{"self":[{"href":"https:\/\/pper-bf.com\/index.php?rest_route=\/wp\/v2\/pages\/10","targetHints":{"allow":["GET"]}}],"collection":[{"href":"https:\/\/pper-bf.com\/index.php?rest_route=\/wp\/v2\/pages"}],"about":[{"href":"https:\/\/pper-bf.com\/index.php?rest_route=\/wp\/v2\/types\/page"}],"author":[{"embeddable":true,"href":"https:\/\/pper-bf.com\/index.php?rest_route=\/wp\/v2\/users\/1"}],"replies":[{"embeddable":true,"href":"https:\/\/pper-bf.com\/index.php?rest_route=%2Fwp%2Fv2%2Fcomments&post=10"}],"version-history":[{"count":4,"href":"https:\/\/pper-bf.com\/index.php?rest_route=\/wp\/v2\/pages\/10\/revisions"}],"predecessor-version":[{"id":189,"href":"https:\/\/pper-bf.com\/index.php?rest_route=\/wp\/v2\/pages\/10\/revisions\/189"}],"wp:attachment":[{"href":"https:\/\/pper-bf.com\/index.php?rest_route=%2Fwp%2Fv2%2Fmedia&parent=10"}],"curies":[{"name":"wp","href":"https:\/\/api.w.org\/{rel}","templated":true}]}}